{"id":1215,"date":"2025-10-01T19:33:06","date_gmt":"2025-10-01T19:33:06","guid":{"rendered":"https:\/\/decarb.uniag.sk\/blog\/"},"modified":"2025-10-30T07:21:56","modified_gmt":"2025-10-30T07:21:56","slug":"blog","status":"publish","type":"page","link":"https:\/\/decarb.uniag.sk\/en\/blog\/","title":{"rendered":"Blog"},"content":{"rendered":"\t\t<div data-elementor-type=\"wp-page\" data-elementor-id=\"1215\" class=\"elementor elementor-1215 elementor-1139\" data-elementor-post-type=\"page\">\n\t\t\t\t<div class=\"elementor-element elementor-element-c184bac e-flex e-con-boxed e-con e-parent\" data-id=\"c184bac\" data-element_type=\"container\" data-settings=\"{&quot;background_background&quot;:&quot;classic&quot;}\">\n\t\t\t\t\t<div class=\"e-con-inner\">\n\t\t<div class=\"elementor-element elementor-element-1c1c9605 e-con-full e-flex e-con e-child\" data-id=\"1c1c9605\" data-element_type=\"container\">\n\t\t\t\t<div class=\"elementor-element elementor-element-8b09637 elementor-widget elementor-widget-heading\" data-id=\"8b09637\" data-element_type=\"widget\" data-widget_type=\"heading.default\">\n\t\t\t\t\t<h1 class=\"elementor-heading-title elementor-size-default\">Blog<\/h1>\t\t\t\t<\/div>\n\t\t\t\t<\/div>\n\t\t\t\t\t<\/div>\n\t\t\t\t<\/div>\n\t\t<div class=\"elementor-element elementor-element-2833efd3 e-flex e-con-boxed e-con e-parent\" data-id=\"2833efd3\" data-element_type=\"container\">\n\t\t\t\t\t<div class=\"e-con-inner\">\n\t\t\t\t\t<\/div>\n\t\t\t\t<\/div>\n\t\t\t\t<\/div>\n\t\t","protected":false},"excerpt":{"rendered":"<p>Blog<\/p>\n","protected":false},"author":2,"featured_media":0,"parent":0,"menu_order":0,"comment_status":"closed","ping_status":"closed","template":"","meta":{"footnotes":""},"class_list":["post-1215","page","type-page","status-publish","hentry"],"yoast_head":"<!-- This site is optimized with the Yoast SEO plugin v26.8 - https:\/\/yoast.com\/product\/yoast-seo-wordpress\/ -->\n<title>Blog | DecarbTrack<\/title>\n<meta name=\"description\" content=\"Read the latest blog posts and news on the DecarbTrack website.\" \/>\n<meta name=\"robots\" content=\"index, follow, max-snippet:-1, max-image-preview:large, max-video-preview:-1\" \/>\n<link rel=\"canonical\" href=\"https:\/\/decarb.uniag.sk\/en\/blog\/\" \/>\n<meta property=\"og:locale\" content=\"en_US\" \/>\n<meta property=\"og:type\" content=\"article\" \/>\n<meta property=\"og:title\" content=\"Blog | DecarbTrack\" \/>\n<meta property=\"og:description\" content=\"Read the latest blog posts and news on the DecarbTrack website.\" \/>\n<meta property=\"og:url\" content=\"https:\/\/decarb.uniag.sk\/en\/blog\/\" \/>\n<meta property=\"og:site_name\" content=\"DecarbTrack\" \/>\n<meta property=\"article:modified_time\" content=\"2025-10-30T07:21:56+00:00\" \/>\n<meta name=\"twitter:card\" content=\"summary_large_image\" \/>\n<!-- \/ Yoast SEO plugin. -->","yoast_head_json":{"title":"Blog | DecarbTrack","description":"Read the latest blog posts and news on the DecarbTrack website.","robots":{"index":"index","follow":"follow","max-snippet":"max-snippet:-1","max-image-preview":"max-image-preview:large","max-video-preview":"max-video-preview:-1"},"canonical":"https:\/\/decarb.uniag.sk\/en\/blog\/","og_locale":"en_US","og_type":"article","og_title":"Blog | DecarbTrack","og_description":"Read the latest blog posts and news on the DecarbTrack website.","og_url":"https:\/\/decarb.uniag.sk\/en\/blog\/","og_site_name":"DecarbTrack","article_modified_time":"2025-10-30T07:21:56+00:00","twitter_card":"summary_large_image","schema":{"@context":"https:\/\/schema.org","@graph":[{"@type":"WebPage","@id":"https:\/\/decarb.uniag.sk\/en\/blog\/","url":"https:\/\/decarb.uniag.sk\/en\/blog\/","name":"Blog | DecarbTrack","isPartOf":{"@id":"https:\/\/decarb.uniag.sk\/en\/#website"},"datePublished":"2025-10-01T19:33:06+00:00","dateModified":"2025-10-30T07:21:56+00:00","description":"Read the latest blog posts and news on the DecarbTrack website.","breadcrumb":{"@id":"https:\/\/decarb.uniag.sk\/en\/blog\/#breadcrumb"},"inLanguage":"en-US","potentialAction":[{"@type":"ReadAction","target":["https:\/\/decarb.uniag.sk\/en\/blog\/"]}]},{"@type":"BreadcrumbList","@id":"https:\/\/decarb.uniag.sk\/en\/blog\/#breadcrumb","itemListElement":[{"@type":"ListItem","position":1,"name":"Domovsk\u00e1 str\u00e1nka","item":"https:\/\/decarb.uniag.sk\/en\/home\/"},{"@type":"ListItem","position":2,"name":"Blog"}]},{"@type":"WebSite","@id":"https:\/\/decarb.uniag.sk\/en\/#website","url":"https:\/\/decarb.uniag.sk\/en\/","name":"DecarbTrack","description":"N\u00edzkoemisn\u00e1 bud\u00facnos\u0165 agropotravin\u00e1rstva","publisher":{"@id":"https:\/\/decarb.uniag.sk\/en\/#organization"},"potentialAction":[{"@type":"SearchAction","target":{"@type":"EntryPoint","urlTemplate":"https:\/\/decarb.uniag.sk\/en\/?s={search_term_string}"},"query-input":{"@type":"PropertyValueSpecification","valueRequired":true,"valueName":"search_term_string"}}],"inLanguage":"en-US"},{"@type":"Organization","@id":"https:\/\/decarb.uniag.sk\/en\/#organization","name":"DecarbTrack","url":"https:\/\/decarb.uniag.sk\/en\/","logo":{"@type":"ImageObject","inLanguage":"en-US","@id":"https:\/\/decarb.uniag.sk\/en\/#\/schema\/logo\/image\/","url":"https:\/\/decarb.uniag.sk\/wp-content\/uploads\/2025\/07\/cropped-decarb-track-logo.png","contentUrl":"https:\/\/decarb.uniag.sk\/wp-content\/uploads\/2025\/07\/cropped-decarb-track-logo.png","width":569,"height":570,"caption":"DecarbTrack"},"image":{"@id":"https:\/\/decarb.uniag.sk\/en\/#\/schema\/logo\/image\/"}}]}},"_links":{"self":[{"href":"https:\/\/decarb.uniag.sk\/en\/wp-json\/wp\/v2\/pages\/1215","targetHints":{"allow":["GET"]}}],"collection":[{"href":"https:\/\/decarb.uniag.sk\/en\/wp-json\/wp\/v2\/pages"}],"about":[{"href":"https:\/\/decarb.uniag.sk\/en\/wp-json\/wp\/v2\/types\/page"}],"author":[{"embeddable":true,"href":"https:\/\/decarb.uniag.sk\/en\/wp-json\/wp\/v2\/users\/2"}],"replies":[{"embeddable":true,"href":"https:\/\/decarb.uniag.sk\/en\/wp-json\/wp\/v2\/comments?post=1215"}],"version-history":[{"count":2,"href":"https:\/\/decarb.uniag.sk\/en\/wp-json\/wp\/v2\/pages\/1215\/revisions"}],"predecessor-version":[{"id":1295,"href":"https:\/\/decarb.uniag.sk\/en\/wp-json\/wp\/v2\/pages\/1215\/revisions\/1295"}],"wp:attachment":[{"href":"https:\/\/decarb.uniag.sk\/en\/wp-json\/wp\/v2\/media?parent=1215"}],"curies":[{"name":"wp","href":"https:\/\/api.w.org\/{rel}","templated":true}]}}