{"id":837,"date":"2025-08-08T11:18:44","date_gmt":"2025-08-08T11:18:44","guid":{"rendered":"https:\/\/decarb.uniag.sk\/work-packages\/"},"modified":"2025-10-30T07:30:41","modified_gmt":"2025-10-30T07:30:41","slug":"work-packages","status":"publish","type":"page","link":"https:\/\/decarb.uniag.sk\/en\/work-packages\/","title":{"rendered":"Work packages"},"content":{"rendered":"\t\t<div data-elementor-type=\"wp-page\" data-elementor-id=\"837\" class=\"elementor elementor-837 elementor-617\" data-elementor-post-type=\"page\">\n\t\t\t\t<div class=\"elementor-element elementor-element-5863b790 e-flex e-con-boxed e-con e-parent\" data-id=\"5863b790\" data-element_type=\"container\" data-settings=\"{&quot;background_background&quot;:&quot;classic&quot;}\">\n\t\t\t\t\t<div class=\"e-con-inner\">\n\t\t<div class=\"elementor-element elementor-element-342b62f1 e-con-full e-flex e-con e-child\" data-id=\"342b62f1\" data-element_type=\"container\">\n\t\t\t\t<div class=\"elementor-element elementor-element-115a9df5 elementor-widget elementor-widget-heading\" data-id=\"115a9df5\" data-element_type=\"widget\" data-widget_type=\"heading.default\">\n\t\t\t\t\t<h1 class=\"elementor-heading-title elementor-size-default\">Work packages<\/h1>\t\t\t\t<\/div>\n\t\t\t\t<\/div>\n\t\t\t\t\t<\/div>\n\t\t\t\t<\/div>\n\t\t<div class=\"elementor-element elementor-element-3930d799 e-flex e-con-boxed e-con e-parent\" data-id=\"3930d799\" data-element_type=\"container\">\n\t\t\t\t\t<div class=\"e-con-inner\">\n\t\t<div class=\"elementor-element elementor-element-5340bcfc e-con-full e-flex e-con e-child\" data-id=\"5340bcfc\" data-element_type=\"container\">\n\t\t<div class=\"elementor-element elementor-element-3286adaf e-con-full e-flex e-con e-child\" data-id=\"3286adaf\" data-element_type=\"container\">\n\t\t\t\t<div class=\"elementor-element elementor-element-7dd1f2cb elementor-view-stacked elementor-position-inline-start elementor-shape-rounded elementor-mobile-position-block-start elementor-widget elementor-widget-icon-box\" data-id=\"7dd1f2cb\" data-element_type=\"widget\" data-widget_type=\"icon-box.default\">\n\t\t\t\t\t\t\t<div class=\"elementor-icon-box-wrapper\">\n\n\t\t\t\t\t\t<div class=\"elementor-icon-box-icon\">\n\t\t\t\t<span  class=\"elementor-icon\">\n\t\t\t\t<svg aria-hidden=\"true\" class=\"e-font-icon-svg e-fas-calculator\" viewBox=\"0 0 448 512\" xmlns=\"http:\/\/www.w3.org\/2000\/svg\"><path d=\"M400 0H48C22.4 0 0 22.4 0 48v416c0 25.6 22.4 48 48 48h352c25.6 0 48-22.4 48-48V48c0-25.6-22.4-48-48-48zM128 435.2c0 6.4-6.4 12.8-12.8 12.8H76.8c-6.4 0-12.8-6.4-12.8-12.8v-38.4c0-6.4 6.4-12.8 12.8-12.8h38.4c6.4 0 12.8 6.4 12.8 12.8v38.4zm0-128c0 6.4-6.4 12.8-12.8 12.8H76.8c-6.4 0-12.8-6.4-12.8-12.8v-38.4c0-6.4 6.4-12.8 12.8-12.8h38.4c6.4 0 12.8 6.4 12.8 12.8v38.4zm128 128c0 6.4-6.4 12.8-12.8 12.8h-38.4c-6.4 0-12.8-6.4-12.8-12.8v-38.4c0-6.4 6.4-12.8 12.8-12.8h38.4c6.4 0 12.8 6.4 12.8 12.8v38.4zm0-128c0 6.4-6.4 12.8-12.8 12.8h-38.4c-6.4 0-12.8-6.4-12.8-12.8v-38.4c0-6.4 6.4-12.8 12.8-12.8h38.4c6.4 0 12.8 6.4 12.8 12.8v38.4zm128 128c0 6.4-6.4 12.8-12.8 12.8h-38.4c-6.4 0-12.8-6.4-12.8-12.8V268.8c0-6.4 6.4-12.8 12.8-12.8h38.4c6.4 0 12.8 6.4 12.8 12.8v166.4zm0-256c0 6.4-6.4 12.8-12.8 12.8H76.8c-6.4 0-12.8-6.4-12.8-12.8V76.8C64 70.4 70.4 64 76.8 64h294.4c6.4 0 12.8 6.4 12.8 12.8v102.4z\"><\/path><\/svg>\t\t\t\t<\/span>\n\t\t\t<\/div>\n\t\t\t\n\t\t\t\t\t\t<div class=\"elementor-icon-box-content\">\n\n\t\t\t\t\t\t\t\t\t<h2 class=\"elementor-icon-box-title\">\n\t\t\t\t\t\t<span  >\n\t\t\t\t\t\t\tWP1: Development of a methodology for calculating greenhouse gas emissions\t\t\t\t\t\t<\/span>\n\t\t\t\t\t<\/h2>\n\t\t\t\t\n\t\t\t\t\n\t\t\t<\/div>\n\t\t\t\n\t\t<\/div>\n\t\t\t\t\t\t<\/div>\n\t\t\t\t<div class=\"elementor-element elementor-element-3dc254a9 elementor-widget elementor-widget-text-editor\" data-id=\"3dc254a9\" data-element_type=\"widget\" data-widget_type=\"text-editor.default\">\n\t\t\t\t\t\t\t\t\t<p>Work Package WP1 includes a thorough analysis of the current state of carbon footprint quantification and tracking in the agri-food sector in Slovakia and in Europe\/worldwide, drawing on existing studies and knowledge.<\/p><p>The project analyzes, defines, and quantifies general processes that generate greenhouse gases in companies and identifies emission factors specific to the agri-food sector. The work package also focuses on analyzing supply chains in the agri-food sector and identifying emission factors specific to agri-food. <\/p><p>The outcome will be a unified, standardized methodology for the simplified calculation of emissions from agri-food products, which will be pilot-tested in selected agri-food enterprises.<\/p>\t\t\t\t\t\t\t\t<\/div>\n\t\t\t\t<\/div>\n\t\t<div class=\"elementor-element elementor-element-6a9d7fe6 e-con-full e-flex e-con e-child\" data-id=\"6a9d7fe6\" data-element_type=\"container\">\n\t\t\t\t<div class=\"elementor-element elementor-element-287e497 elementor-cta--skin-classic elementor-animated-content elementor-bg-transform elementor-bg-transform-zoom-in elementor-widget elementor-widget-call-to-action\" data-id=\"287e497\" data-element_type=\"widget\" data-widget_type=\"call-to-action.default\">\n\t\t\t\t\t\t\t<div class=\"elementor-cta\">\n\t\t\t\t\t<div class=\"elementor-cta__bg-wrapper\">\n\t\t\t\t<div class=\"elementor-cta__bg elementor-bg\" style=\"background-image: url(https:\/\/decarb.uniag.sk\/wp-content\/uploads\/2025\/08\/pestovanie-na-poli.jpg);\" role=\"img\" aria-label=\"pestovanie na poli\"><\/div>\n\t\t\t\t<div class=\"elementor-cta__bg-overlay\"><\/div>\n\t\t\t<\/div>\n\t\t\t\t\t\t\t\t<\/div>\n\t\t\t\t\t\t<\/div>\n\t\t\t\t<\/div>\n\t\t\t\t<\/div>\n\t\t\t\t\t<\/div>\n\t\t\t\t<\/div>\n\t\t<div class=\"elementor-element elementor-element-0291aff e-flex e-con-boxed e-con e-parent\" data-id=\"0291aff\" data-element_type=\"container\" data-settings=\"{&quot;background_background&quot;:&quot;classic&quot;}\">\n\t\t\t\t\t<div class=\"e-con-inner\">\n\t\t<div class=\"elementor-element elementor-element-ceb94a2 e-con-full e-flex e-con e-child\" data-id=\"ceb94a2\" data-element_type=\"container\">\n\t\t<div class=\"elementor-element elementor-element-f4304fa e-con-full e-flex e-con e-child\" data-id=\"f4304fa\" data-element_type=\"container\">\n\t\t\t\t<div class=\"elementor-element elementor-element-77233cc elementor-cta--skin-classic elementor-animated-content elementor-bg-transform elementor-bg-transform-zoom-in elementor-widget elementor-widget-call-to-action\" data-id=\"77233cc\" data-element_type=\"widget\" data-widget_type=\"call-to-action.default\">\n\t\t\t\t\t\t\t<div class=\"elementor-cta\">\n\t\t\t\t\t<div class=\"elementor-cta__bg-wrapper\">\n\t\t\t\t<div class=\"elementor-cta__bg elementor-bg\" style=\"background-image: url(https:\/\/decarb.uniag.sk\/wp-content\/uploads\/2025\/08\/orba-z-vrchu.jpg);\" role=\"img\" aria-label=\"orba z vrchu\"><\/div>\n\t\t\t\t<div class=\"elementor-cta__bg-overlay\"><\/div>\n\t\t\t<\/div>\n\t\t\t\t\t\t\t\t<\/div>\n\t\t\t\t\t\t<\/div>\n\t\t\t\t<\/div>\n\t\t<div class=\"elementor-element elementor-element-d551dc3 e-con-full e-flex e-con e-child\" data-id=\"d551dc3\" data-element_type=\"container\">\n\t\t\t\t<div class=\"elementor-element elementor-element-6beb0ee elementor-view-stacked elementor-position-inline-start elementor-shape-rounded elementor-mobile-position-block-start elementor-widget elementor-widget-icon-box\" data-id=\"6beb0ee\" data-element_type=\"widget\" data-widget_type=\"icon-box.default\">\n\t\t\t\t\t\t\t<div class=\"elementor-icon-box-wrapper\">\n\n\t\t\t\t\t\t<div class=\"elementor-icon-box-icon\">\n\t\t\t\t<span  class=\"elementor-icon\">\n\t\t\t\t<svg aria-hidden=\"true\" class=\"e-font-icon-svg e-fas-database\" viewBox=\"0 0 448 512\" xmlns=\"http:\/\/www.w3.org\/2000\/svg\"><path d=\"M448 73.143v45.714C448 159.143 347.667 192 224 192S0 159.143 0 118.857V73.143C0 32.857 100.333 0 224 0s224 32.857 224 73.143zM448 176v102.857C448 319.143 347.667 352 224 352S0 319.143 0 278.857V176c48.125 33.143 136.208 48.572 224 48.572S399.874 209.143 448 176zm0 160v102.857C448 479.143 347.667 512 224 512S0 479.143 0 438.857V336c48.125 33.143 136.208 48.572 224 48.572S399.874 369.143 448 336z\"><\/path><\/svg>\t\t\t\t<\/span>\n\t\t\t<\/div>\n\t\t\t\n\t\t\t\t\t\t<div class=\"elementor-icon-box-content\">\n\n\t\t\t\t\t\t\t\t\t<h2 class=\"elementor-icon-box-title\">\n\t\t\t\t\t\t<span  >\n\t\t\t\t\t\t\tWP2: Creation of a database for calculating the carbon footprint of agri-food enterprises\t\t\t\t\t\t<\/span>\n\t\t\t\t\t<\/h2>\n\t\t\t\t\n\t\t\t\t\n\t\t\t<\/div>\n\t\t\t\n\t\t<\/div>\n\t\t\t\t\t\t<\/div>\n\t\t\t\t<div class=\"elementor-element elementor-element-4d54c3e elementor-widget elementor-widget-text-editor\" data-id=\"4d54c3e\" data-element_type=\"widget\" data-widget_type=\"text-editor.default\">\n\t\t\t\t\t\t\t\t\t<p>This work package builds on the carbon footprint calculation methodology designed in WP1. Based on this methodology and its algorithmic implementation, a pilot study will be carried out to calculate the carbon footprint for the products defined in WP1 and for a sample of agricultural and food enterprises selected according to criteria. <\/p><p>The aim of the pilot study is to create a database of relevant input data for calculating the carbon footprint in line with the proposed methodology. The work package includes developing a software tool to collect input data online from agri-food enterprises for carbon footprint calculation, linking it with obtained secondary data, and quantifying the carbon footprint.  <\/p><p>Based on the database, we will propose a classification of enterprises according to their carbon footprint and the production of the commodities specified by the project. This will include assessing the impact of selected factors on the carbon footprint of enterprises categorized by chosen criteria.  <\/p>\t\t\t\t\t\t\t\t<\/div>\n\t\t\t\t<\/div>\n\t\t\t\t<\/div>\n\t\t\t\t\t<\/div>\n\t\t\t\t<\/div>\n\t\t<div class=\"elementor-element elementor-element-cc73799 e-flex e-con-boxed e-con e-parent\" data-id=\"cc73799\" data-element_type=\"container\">\n\t\t\t\t\t<div class=\"e-con-inner\">\n\t\t<div class=\"elementor-element elementor-element-50f14df e-con-full e-flex e-con e-child\" data-id=\"50f14df\" data-element_type=\"container\">\n\t\t<div class=\"elementor-element elementor-element-49062fa e-con-full e-flex e-con e-child\" data-id=\"49062fa\" data-element_type=\"container\">\n\t\t\t\t<div class=\"elementor-element elementor-element-d075c79 elementor-view-stacked elementor-position-inline-start elementor-shape-rounded elementor-mobile-position-block-start elementor-widget elementor-widget-icon-box\" data-id=\"d075c79\" data-element_type=\"widget\" data-widget_type=\"icon-box.default\">\n\t\t\t\t\t\t\t<div class=\"elementor-icon-box-wrapper\">\n\n\t\t\t\t\t\t<div class=\"elementor-icon-box-icon\">\n\t\t\t\t<span  class=\"elementor-icon\">\n\t\t\t\t<svg aria-hidden=\"true\" class=\"e-font-icon-svg e-fas-chart-line\" viewBox=\"0 0 512 512\" xmlns=\"http:\/\/www.w3.org\/2000\/svg\"><path d=\"M496 384H64V80c0-8.84-7.16-16-16-16H16C7.16 64 0 71.16 0 80v336c0 17.67 14.33 32 32 32h464c8.84 0 16-7.16 16-16v-32c0-8.84-7.16-16-16-16zM464 96H345.94c-21.38 0-32.09 25.85-16.97 40.97l32.4 32.4L288 242.75l-73.37-73.37c-12.5-12.5-32.76-12.5-45.25 0l-68.69 68.69c-6.25 6.25-6.25 16.38 0 22.63l22.62 22.62c6.25 6.25 16.38 6.25 22.63 0L192 237.25l73.37 73.37c12.5 12.5 32.76 12.5 45.25 0l96-96 32.4 32.4c15.12 15.12 40.97 4.41 40.97-16.97V112c.01-8.84-7.15-16-15.99-16z\"><\/path><\/svg>\t\t\t\t<\/span>\n\t\t\t<\/div>\n\t\t\t\n\t\t\t\t\t\t<div class=\"elementor-icon-box-content\">\n\n\t\t\t\t\t\t\t\t\t<h2 class=\"elementor-icon-box-title\">\n\t\t\t\t\t\t<span  >\n\t\t\t\t\t\t\tWP3: Optimization and implementation of innovative solutions to reduce the carbon footprint in the agri-food sector\t\t\t\t\t\t<\/span>\n\t\t\t\t\t<\/h2>\n\t\t\t\t\n\t\t\t\t\n\t\t\t<\/div>\n\t\t\t\n\t\t<\/div>\n\t\t\t\t\t\t<\/div>\n\t\t\t\t<div class=\"elementor-element elementor-element-5af6cd8 elementor-widget elementor-widget-text-editor\" data-id=\"5af6cd8\" data-element_type=\"widget\" data-widget_type=\"text-editor.default\">\n\t\t\t\t\t\t\t\t\t<p>This work package focuses on identifying and analyzing critical areas in the agri-food sector that contribute to greenhouse gas emissions. The main objectives are to identify the primary sources of emissions, analyze their environmental impact, and develop recommendations to reduce these emissions. We will then develop a comprehensive set of measures to reduce the carbon footprint of agri-food companies.  <\/p><p>These measures will include innovative technologies, improved practices, and effective strategies to help minimize greenhouse gas emissions in the agri-food sector. By implementing a pilot short supply chain project in the agri-food sector\u2014based on direct collaboration among primary producers, food processors, and end consumers\u2014we will minimize the number of production stages\/intermediaries in order to reduce emissions generated by the transport and storage of food. These chains aim to keep prices low, increase availability, and stabilize relationships in the sector.  <\/p><p>Through a pilot evaluation of the proposed measures to reduce the carbon footprint in the agri-food sector\u2014which includes monitoring and assessing the real impacts of the implemented measures on greenhouse gas emissions, the economy, society, and the environment\u2014we will develop proposals and recommendations for effectively linking primary producers, food processors, and short supply chains in the agri-food sector. These proposals will include collaboration strategies, organizational structures, and business models that support sustainability and emission reductions across the agri-food chain. <\/p>\t\t\t\t\t\t\t\t<\/div>\n\t\t\t\t<\/div>\n\t\t<div class=\"elementor-element elementor-element-9bc7862 e-con-full e-flex e-con e-child\" data-id=\"9bc7862\" data-element_type=\"container\">\n\t\t\t\t<div class=\"elementor-element elementor-element-3d0d4f2 elementor-cta--skin-classic elementor-animated-content elementor-bg-transform elementor-bg-transform-zoom-in elementor-widget elementor-widget-call-to-action\" data-id=\"3d0d4f2\" data-element_type=\"widget\" data-widget_type=\"call-to-action.default\">\n\t\t\t\t\t\t\t<div class=\"elementor-cta\">\n\t\t\t\t\t<div class=\"elementor-cta__bg-wrapper\">\n\t\t\t\t<div class=\"elementor-cta__bg elementor-bg\" style=\"background-image: url(https:\/\/decarb.uniag.sk\/wp-content\/uploads\/2025\/08\/pole-z-vrchu.jpg);\" role=\"img\" aria-label=\"pole z vrchu\"><\/div>\n\t\t\t\t<div class=\"elementor-cta__bg-overlay\"><\/div>\n\t\t\t<\/div>\n\t\t\t\t\t\t\t\t<\/div>\n\t\t\t\t\t\t<\/div>\n\t\t\t\t<\/div>\n\t\t\t\t<\/div>\n\t\t\t\t\t<\/div>\n\t\t\t\t<\/div>\n\t\t<div class=\"elementor-element elementor-element-648853f e-flex e-con-boxed e-con e-parent\" data-id=\"648853f\" data-element_type=\"container\" data-settings=\"{&quot;background_background&quot;:&quot;classic&quot;}\">\n\t\t\t\t\t<div class=\"e-con-inner\">\n\t\t<div class=\"elementor-element elementor-element-46db1e8 e-con-full e-flex e-con e-child\" data-id=\"46db1e8\" data-element_type=\"container\">\n\t\t<div class=\"elementor-element elementor-element-7188aaa e-con-full e-flex e-con e-child\" data-id=\"7188aaa\" data-element_type=\"container\">\n\t\t\t\t<div class=\"elementor-element elementor-element-acdcaa1 elementor-cta--skin-classic elementor-animated-content elementor-bg-transform elementor-bg-transform-zoom-in elementor-widget elementor-widget-call-to-action\" data-id=\"acdcaa1\" data-element_type=\"widget\" data-widget_type=\"call-to-action.default\">\n\t\t\t\t\t\t\t<div class=\"elementor-cta\">\n\t\t\t\t\t<div class=\"elementor-cta__bg-wrapper\">\n\t\t\t\t<div class=\"elementor-cta__bg elementor-bg\" style=\"background-image: url(https:\/\/decarb.uniag.sk\/wp-content\/uploads\/2025\/08\/zozate-pole.jpg);\" role=\"img\" aria-label=\"zo\u017eat\u00e9 pole\"><\/div>\n\t\t\t\t<div class=\"elementor-cta__bg-overlay\"><\/div>\n\t\t\t<\/div>\n\t\t\t\t\t\t\t\t<\/div>\n\t\t\t\t\t\t<\/div>\n\t\t\t\t<\/div>\n\t\t<div class=\"elementor-element elementor-element-583be8d e-con-full e-flex e-con e-child\" data-id=\"583be8d\" data-element_type=\"container\">\n\t\t\t\t<div class=\"elementor-element elementor-element-f2c137b elementor-view-stacked elementor-position-inline-start elementor-shape-rounded elementor-mobile-position-block-start elementor-widget elementor-widget-icon-box\" data-id=\"f2c137b\" data-element_type=\"widget\" data-widget_type=\"icon-box.default\">\n\t\t\t\t\t\t\t<div class=\"elementor-icon-box-wrapper\">\n\n\t\t\t\t\t\t<div class=\"elementor-icon-box-icon\">\n\t\t\t\t<span  class=\"elementor-icon\">\n\t\t\t\t<svg aria-hidden=\"true\" class=\"e-font-icon-svg e-fas-globe-europe\" viewBox=\"0 0 496 512\" xmlns=\"http:\/\/www.w3.org\/2000\/svg\"><path d=\"M248 8C111 8 0 119 0 256s111 248 248 248 248-111 248-248S385 8 248 8zm200 248c0 22.5-3.9 44.2-10.8 64.4h-20.3c-4.3 0-8.4-1.7-11.4-4.8l-32-32.6c-4.5-4.6-4.5-12.1.1-16.7l12.5-12.5v-8.7c0-3-1.2-5.9-3.3-8l-9.4-9.4c-2.1-2.1-5-3.3-8-3.3h-16c-6.2 0-11.3-5.1-11.3-11.3 0-3 1.2-5.9 3.3-8l9.4-9.4c2.1-2.1 5-3.3 8-3.3h32c6.2 0 11.3-5.1 11.3-11.3v-9.4c0-6.2-5.1-11.3-11.3-11.3h-36.7c-8.8 0-16 7.2-16 16v4.5c0 6.9-4.4 13-10.9 15.2l-31.6 10.5c-3.3 1.1-5.5 4.1-5.5 7.6v2.2c0 4.4-3.6 8-8 8h-16c-4.4 0-8-3.6-8-8s-3.6-8-8-8H247c-3 0-5.8 1.7-7.2 4.4l-9.4 18.7c-2.7 5.4-8.2 8.8-14.3 8.8H194c-8.8 0-16-7.2-16-16V199c0-4.2 1.7-8.3 4.7-11.3l20.1-20.1c4.6-4.6 7.2-10.9 7.2-17.5 0-3.4 2.2-6.5 5.5-7.6l40-13.3c1.7-.6 3.2-1.5 4.4-2.7l26.8-26.8c2.1-2.1 3.3-5 3.3-8 0-6.2-5.1-11.3-11.3-11.3H258l-16 16v8c0 4.4-3.6 8-8 8h-16c-4.4 0-8-3.6-8-8v-20c0-2.5 1.2-4.9 3.2-6.4l28.9-21.7c1.9-.1 3.8-.3 5.7-.3C358.3 56 448 145.7 448 256zM130.1 149.1c0-3 1.2-5.9 3.3-8l25.4-25.4c2.1-2.1 5-3.3 8-3.3 6.2 0 11.3 5.1 11.3 11.3v16c0 3-1.2 5.9-3.3 8l-9.4 9.4c-2.1 2.1-5 3.3-8 3.3h-16c-6.2 0-11.3-5.1-11.3-11.3zm128 306.4v-7.1c0-8.8-7.2-16-16-16h-20.2c-10.8 0-26.7-5.3-35.4-11.8l-22.2-16.7c-11.5-8.6-18.2-22.1-18.2-36.4v-23.9c0-16 8.4-30.8 22.1-39l42.9-25.7c7.1-4.2 15.2-6.5 23.4-6.5h31.2c10.9 0 21.4 3.9 29.6 10.9l43.2 37.1h18.3c8.5 0 16.6 3.4 22.6 9.4l17.3 17.3c3.4 3.4 8.1 5.3 12.9 5.3H423c-32.4 58.9-93.8 99.5-164.9 103.1z\"><\/path><\/svg>\t\t\t\t<\/span>\n\t\t\t<\/div>\n\t\t\t\n\t\t\t\t\t\t<div class=\"elementor-icon-box-content\">\n\n\t\t\t\t\t\t\t\t\t<h2 class=\"elementor-icon-box-title\">\n\t\t\t\t\t\t<span  >\n\t\t\t\t\t\t\tWP4: The carbon footprint as a tool to support local primary producers and food producers\t\t\t\t\t\t<\/span>\n\t\t\t\t\t<\/h2>\n\t\t\t\t\n\t\t\t\t\n\t\t\t<\/div>\n\t\t\t\n\t\t<\/div>\n\t\t\t\t\t\t<\/div>\n\t\t\t\t<div class=\"elementor-element elementor-element-dbf3c0e elementor-widget elementor-widget-text-editor\" data-id=\"dbf3c0e\" data-element_type=\"widget\" data-widget_type=\"text-editor.default\">\n\t\t\t\t\t\t\t\t\t<p>The subject of this work package is an initial analysis of the use of the carbon footprint as an element of green public procurement, consisting of a summary of scientific publications, studies, and best-practice examples based on current knowledge about implementing the carbon footprint in public procurement.<\/p><p>A subsequent legal analysis of national and European legislation will assess the possibilities for applying individual policies for carbon footprint monitoring in public procurement. The work package aims to support contracting authorities in introducing carbon criteria into public procurement and to facilitate communication between contracting authorities and suppliers. <\/p><p>The work package will also include implementing the developed tools and methodologies in practice, in cooperation with agri-food producers and public procurement authorities.<\/p>\t\t\t\t\t\t\t\t<\/div>\n\t\t\t\t<\/div>\n\t\t\t\t<\/div>\n\t\t\t\t\t<\/div>\n\t\t\t\t<\/div>\n\t\t\t\t<\/div>\n\t\t","protected":false},"excerpt":{"rendered":"<p>Work packages WP1: Development of a methodology for calculating greenhouse gas emissions Work Package WP1 includes a thorough analysis of the current state of carbon footprint quantification and tracking in the agri-food sector in Slovakia and in Europe\/worldwide, drawing on existing studies and knowledge. The project analyzes, defines, and quantifies general processes that generate greenhouse [&hellip;]<\/p>\n","protected":false},"author":2,"featured_media":508,"parent":0,"menu_order":0,"comment_status":"closed","ping_status":"closed","template":"","meta":{"footnotes":""},"class_list":["post-837","page","type-page","status-publish","has-post-thumbnail","hentry"],"yoast_head":"<!-- This site is optimized with the Yoast SEO plugin v26.8 - https:\/\/yoast.com\/product\/yoast-seo-wordpress\/ -->\n<title>Work packages | DecarbTrack<\/title>\n<meta name=\"description\" content=\"See the overview of the work packages. DecarbTrack provides verifiable procedures and practical methodological materials.\" \/>\n<meta name=\"robots\" content=\"index, follow, max-snippet:-1, max-image-preview:large, max-video-preview:-1\" \/>\n<link rel=\"canonical\" href=\"https:\/\/decarb.uniag.sk\/en\/work-packages\/\" \/>\n<meta property=\"og:locale\" content=\"en_US\" \/>\n<meta property=\"og:type\" content=\"article\" \/>\n<meta property=\"og:title\" content=\"Work packages | DecarbTrack\" \/>\n<meta property=\"og:description\" content=\"See the overview of the work packages. DecarbTrack provides verifiable procedures and practical methodological materials.\" \/>\n<meta property=\"og:url\" content=\"https:\/\/decarb.uniag.sk\/en\/work-packages\/\" \/>\n<meta property=\"og:site_name\" content=\"DecarbTrack\" \/>\n<meta property=\"article:modified_time\" content=\"2025-10-30T07:30:41+00:00\" \/>\n<meta property=\"og:image\" content=\"https:\/\/decarb.uniag.sk\/wp-content\/uploads\/2025\/07\/decarb-track-og-1.png\" \/>\n\t<meta property=\"og:image:width\" content=\"1280\" \/>\n\t<meta property=\"og:image:height\" content=\"720\" \/>\n\t<meta property=\"og:image:type\" content=\"image\/png\" \/>\n<meta name=\"twitter:card\" content=\"summary_large_image\" \/>\n<meta name=\"twitter:label1\" content=\"Est. reading time\" \/>\n\t<meta name=\"twitter:data1\" content=\"3 minutes\" \/>\n<!-- \/ Yoast SEO plugin. -->","yoast_head_json":{"title":"Work packages | DecarbTrack","description":"See the overview of the work packages. DecarbTrack provides verifiable procedures and practical methodological materials.","robots":{"index":"index","follow":"follow","max-snippet":"max-snippet:-1","max-image-preview":"max-image-preview:large","max-video-preview":"max-video-preview:-1"},"canonical":"https:\/\/decarb.uniag.sk\/en\/work-packages\/","og_locale":"en_US","og_type":"article","og_title":"Work packages | DecarbTrack","og_description":"See the overview of the work packages. DecarbTrack provides verifiable procedures and practical methodological materials.","og_url":"https:\/\/decarb.uniag.sk\/en\/work-packages\/","og_site_name":"DecarbTrack","article_modified_time":"2025-10-30T07:30:41+00:00","og_image":[{"width":1280,"height":720,"url":"https:\/\/decarb.uniag.sk\/wp-content\/uploads\/2025\/07\/decarb-track-og-1.png","type":"image\/png"}],"twitter_card":"summary_large_image","twitter_misc":{"Est. reading time":"3 minutes"},"schema":{"@context":"https:\/\/schema.org","@graph":[{"@type":"WebPage","@id":"https:\/\/decarb.uniag.sk\/en\/work-packages\/","url":"https:\/\/decarb.uniag.sk\/en\/work-packages\/","name":"Work packages | DecarbTrack","isPartOf":{"@id":"https:\/\/decarb.uniag.sk\/en\/#website"},"primaryImageOfPage":{"@id":"https:\/\/decarb.uniag.sk\/en\/work-packages\/#primaryimage"},"image":{"@id":"https:\/\/decarb.uniag.sk\/en\/work-packages\/#primaryimage"},"thumbnailUrl":"https:\/\/decarb.uniag.sk\/wp-content\/uploads\/2025\/07\/decarb-track-og-1.png","datePublished":"2025-08-08T11:18:44+00:00","dateModified":"2025-10-30T07:30:41+00:00","description":"See the overview of the work packages. DecarbTrack provides verifiable procedures and practical methodological materials.","breadcrumb":{"@id":"https:\/\/decarb.uniag.sk\/en\/work-packages\/#breadcrumb"},"inLanguage":"en-US","potentialAction":[{"@type":"ReadAction","target":["https:\/\/decarb.uniag.sk\/en\/work-packages\/"]}]},{"@type":"ImageObject","inLanguage":"en-US","@id":"https:\/\/decarb.uniag.sk\/en\/work-packages\/#primaryimage","url":"https:\/\/decarb.uniag.sk\/wp-content\/uploads\/2025\/07\/decarb-track-og-1.png","contentUrl":"https:\/\/decarb.uniag.sk\/wp-content\/uploads\/2025\/07\/decarb-track-og-1.png","width":1280,"height":720,"caption":"decarb track og (1)"},{"@type":"BreadcrumbList","@id":"https:\/\/decarb.uniag.sk\/en\/work-packages\/#breadcrumb","itemListElement":[{"@type":"ListItem","position":1,"name":"Domovsk\u00e1 str\u00e1nka","item":"https:\/\/decarb.uniag.sk\/en\/home\/"},{"@type":"ListItem","position":2,"name":"Work packages"}]},{"@type":"WebSite","@id":"https:\/\/decarb.uniag.sk\/en\/#website","url":"https:\/\/decarb.uniag.sk\/en\/","name":"DecarbTrack","description":"N\u00edzkoemisn\u00e1 bud\u00facnos\u0165 agropotravin\u00e1rstva","publisher":{"@id":"https:\/\/decarb.uniag.sk\/en\/#organization"},"potentialAction":[{"@type":"SearchAction","target":{"@type":"EntryPoint","urlTemplate":"https:\/\/decarb.uniag.sk\/en\/?s={search_term_string}"},"query-input":{"@type":"PropertyValueSpecification","valueRequired":true,"valueName":"search_term_string"}}],"inLanguage":"en-US"},{"@type":"Organization","@id":"https:\/\/decarb.uniag.sk\/en\/#organization","name":"DecarbTrack","url":"https:\/\/decarb.uniag.sk\/en\/","logo":{"@type":"ImageObject","inLanguage":"en-US","@id":"https:\/\/decarb.uniag.sk\/en\/#\/schema\/logo\/image\/","url":"https:\/\/decarb.uniag.sk\/wp-content\/uploads\/2025\/07\/cropped-decarb-track-logo.png","contentUrl":"https:\/\/decarb.uniag.sk\/wp-content\/uploads\/2025\/07\/cropped-decarb-track-logo.png","width":569,"height":570,"caption":"DecarbTrack"},"image":{"@id":"https:\/\/decarb.uniag.sk\/en\/#\/schema\/logo\/image\/"}}]}},"_links":{"self":[{"href":"https:\/\/decarb.uniag.sk\/en\/wp-json\/wp\/v2\/pages\/837","targetHints":{"allow":["GET"]}}],"collection":[{"href":"https:\/\/decarb.uniag.sk\/en\/wp-json\/wp\/v2\/pages"}],"about":[{"href":"https:\/\/decarb.uniag.sk\/en\/wp-json\/wp\/v2\/types\/page"}],"author":[{"embeddable":true,"href":"https:\/\/decarb.uniag.sk\/en\/wp-json\/wp\/v2\/users\/2"}],"replies":[{"embeddable":true,"href":"https:\/\/decarb.uniag.sk\/en\/wp-json\/wp\/v2\/comments?post=837"}],"version-history":[{"count":3,"href":"https:\/\/decarb.uniag.sk\/en\/wp-json\/wp\/v2\/pages\/837\/revisions"}],"predecessor-version":[{"id":900,"href":"https:\/\/decarb.uniag.sk\/en\/wp-json\/wp\/v2\/pages\/837\/revisions\/900"}],"wp:featuredmedia":[{"embeddable":true,"href":"https:\/\/decarb.uniag.sk\/en\/wp-json\/wp\/v2\/media\/508"}],"wp:attachment":[{"href":"https:\/\/decarb.uniag.sk\/en\/wp-json\/wp\/v2\/media?parent=837"}],"curies":[{"name":"wp","href":"https:\/\/api.w.org\/{rel}","templated":true}]}}