{"id":846,"date":"2025-07-08T14:50:31","date_gmt":"2025-07-08T14:50:31","guid":{"rendered":"https:\/\/decarb.uniag.sk\/outputs\/"},"modified":"2025-10-30T07:22:43","modified_gmt":"2025-10-30T07:22:43","slug":"project-dissemination","status":"publish","type":"page","link":"https:\/\/decarb.uniag.sk\/en\/project-dissemination\/","title":{"rendered":"Project dissemination"},"content":{"rendered":"\t\t<div data-elementor-type=\"wp-page\" data-elementor-id=\"846\" class=\"elementor elementor-846 elementor-247\" data-elementor-post-type=\"page\">\n\t\t\t\t<div class=\"elementor-element elementor-element-5e0e4b5c e-flex e-con-boxed e-con e-parent\" data-id=\"5e0e4b5c\" data-element_type=\"container\" data-settings=\"{&quot;background_background&quot;:&quot;classic&quot;}\">\n\t\t\t\t\t<div class=\"e-con-inner\">\n\t\t<div class=\"elementor-element elementor-element-7d620168 e-con-full e-flex e-con e-child\" data-id=\"7d620168\" data-element_type=\"container\">\n\t\t\t\t<div class=\"elementor-element elementor-element-7e1f9b41 elementor-widget elementor-widget-heading\" data-id=\"7e1f9b41\" data-element_type=\"widget\" data-widget_type=\"heading.default\">\n\t\t\t\t\t<h1 class=\"elementor-heading-title elementor-size-default\">Project dissemination<\/h1>\t\t\t\t<\/div>\n\t\t\t\t<\/div>\n\t\t\t\t\t<\/div>\n\t\t\t\t<\/div>\n\t\t<div class=\"elementor-element elementor-element-163d6f3b e-flex e-con-boxed e-con e-parent\" data-id=\"163d6f3b\" data-element_type=\"container\">\n\t\t\t\t\t<div class=\"e-con-inner\">\n\t\t\t\t\t<\/div>\n\t\t\t\t<\/div>\n\t\t\t\t<\/div>\n\t\t","protected":false},"excerpt":{"rendered":"<p>Project dissemination<\/p>\n","protected":false},"author":1,"featured_media":508,"parent":0,"menu_order":0,"comment_status":"closed","ping_status":"closed","template":"","meta":{"footnotes":""},"class_list":["post-846","page","type-page","status-publish","has-post-thumbnail","hentry"],"yoast_head":"<!-- This site is optimized with the Yoast SEO plugin v26.8 - https:\/\/yoast.com\/product\/yoast-seo-wordpress\/ -->\n<title>Project dissemination | DecarbTrack<\/title>\n<meta name=\"description\" content=\"DecarbTrack project outputs - conferences, publications and research results on decarbonization in the agri-food sector.\" \/>\n<meta name=\"robots\" content=\"index, follow, max-snippet:-1, max-image-preview:large, max-video-preview:-1\" \/>\n<link rel=\"canonical\" href=\"https:\/\/decarb.uniag.sk\/en\/project-dissemination\/\" \/>\n<meta property=\"og:locale\" content=\"en_US\" \/>\n<meta property=\"og:type\" content=\"article\" \/>\n<meta property=\"og:title\" content=\"Project dissemination | DecarbTrack\" \/>\n<meta property=\"og:description\" content=\"DecarbTrack project outputs - conferences, publications and research results on decarbonization in the agri-food sector.\" \/>\n<meta property=\"og:url\" content=\"https:\/\/decarb.uniag.sk\/en\/project-dissemination\/\" \/>\n<meta property=\"og:site_name\" content=\"DecarbTrack\" \/>\n<meta property=\"article:modified_time\" content=\"2025-10-30T07:22:43+00:00\" \/>\n<meta property=\"og:image\" content=\"https:\/\/decarb.uniag.sk\/wp-content\/uploads\/2025\/07\/decarb-track-og-1.png\" \/>\n\t<meta property=\"og:image:width\" content=\"1280\" \/>\n\t<meta property=\"og:image:height\" content=\"720\" \/>\n\t<meta property=\"og:image:type\" content=\"image\/png\" \/>\n<meta name=\"twitter:card\" content=\"summary_large_image\" \/>\n<!-- \/ Yoast SEO plugin. -->","yoast_head_json":{"title":"Project dissemination | DecarbTrack","description":"DecarbTrack project outputs - conferences, publications and research results on decarbonization in the agri-food sector.","robots":{"index":"index","follow":"follow","max-snippet":"max-snippet:-1","max-image-preview":"max-image-preview:large","max-video-preview":"max-video-preview:-1"},"canonical":"https:\/\/decarb.uniag.sk\/en\/project-dissemination\/","og_locale":"en_US","og_type":"article","og_title":"Project dissemination | DecarbTrack","og_description":"DecarbTrack project outputs - conferences, publications and research results on decarbonization in the agri-food sector.","og_url":"https:\/\/decarb.uniag.sk\/en\/project-dissemination\/","og_site_name":"DecarbTrack","article_modified_time":"2025-10-30T07:22:43+00:00","og_image":[{"width":1280,"height":720,"url":"https:\/\/decarb.uniag.sk\/wp-content\/uploads\/2025\/07\/decarb-track-og-1.png","type":"image\/png"}],"twitter_card":"summary_large_image","schema":{"@context":"https:\/\/schema.org","@graph":[{"@type":"WebPage","@id":"https:\/\/decarb.uniag.sk\/en\/project-dissemination\/","url":"https:\/\/decarb.uniag.sk\/en\/project-dissemination\/","name":"Project dissemination | DecarbTrack","isPartOf":{"@id":"https:\/\/decarb.uniag.sk\/en\/#website"},"primaryImageOfPage":{"@id":"https:\/\/decarb.uniag.sk\/en\/project-dissemination\/#primaryimage"},"image":{"@id":"https:\/\/decarb.uniag.sk\/en\/project-dissemination\/#primaryimage"},"thumbnailUrl":"https:\/\/decarb.uniag.sk\/wp-content\/uploads\/2025\/07\/decarb-track-og-1.png","datePublished":"2025-07-08T14:50:31+00:00","dateModified":"2025-10-30T07:22:43+00:00","description":"DecarbTrack project outputs - conferences, publications and research results on decarbonization in the agri-food sector.","breadcrumb":{"@id":"https:\/\/decarb.uniag.sk\/en\/project-dissemination\/#breadcrumb"},"inLanguage":"en-US","potentialAction":[{"@type":"ReadAction","target":["https:\/\/decarb.uniag.sk\/en\/project-dissemination\/"]}]},{"@type":"ImageObject","inLanguage":"en-US","@id":"https:\/\/decarb.uniag.sk\/en\/project-dissemination\/#primaryimage","url":"https:\/\/decarb.uniag.sk\/wp-content\/uploads\/2025\/07\/decarb-track-og-1.png","contentUrl":"https:\/\/decarb.uniag.sk\/wp-content\/uploads\/2025\/07\/decarb-track-og-1.png","width":1280,"height":720,"caption":"decarb track og (1)"},{"@type":"BreadcrumbList","@id":"https:\/\/decarb.uniag.sk\/en\/project-dissemination\/#breadcrumb","itemListElement":[{"@type":"ListItem","position":1,"name":"Domovsk\u00e1 str\u00e1nka","item":"https:\/\/decarb.uniag.sk\/en\/home\/"},{"@type":"ListItem","position":2,"name":"Project dissemination"}]},{"@type":"WebSite","@id":"https:\/\/decarb.uniag.sk\/en\/#website","url":"https:\/\/decarb.uniag.sk\/en\/","name":"DecarbTrack","description":"N\u00edzkoemisn\u00e1 bud\u00facnos\u0165 agropotravin\u00e1rstva","publisher":{"@id":"https:\/\/decarb.uniag.sk\/en\/#organization"},"potentialAction":[{"@type":"SearchAction","target":{"@type":"EntryPoint","urlTemplate":"https:\/\/decarb.uniag.sk\/en\/?s={search_term_string}"},"query-input":{"@type":"PropertyValueSpecification","valueRequired":true,"valueName":"search_term_string"}}],"inLanguage":"en-US"},{"@type":"Organization","@id":"https:\/\/decarb.uniag.sk\/en\/#organization","name":"DecarbTrack","url":"https:\/\/decarb.uniag.sk\/en\/","logo":{"@type":"ImageObject","inLanguage":"en-US","@id":"https:\/\/decarb.uniag.sk\/en\/#\/schema\/logo\/image\/","url":"https:\/\/decarb.uniag.sk\/wp-content\/uploads\/2025\/07\/cropped-decarb-track-logo.png","contentUrl":"https:\/\/decarb.uniag.sk\/wp-content\/uploads\/2025\/07\/cropped-decarb-track-logo.png","width":569,"height":570,"caption":"DecarbTrack"},"image":{"@id":"https:\/\/decarb.uniag.sk\/en\/#\/schema\/logo\/image\/"}}]}},"_links":{"self":[{"href":"https:\/\/decarb.uniag.sk\/en\/wp-json\/wp\/v2\/pages\/846","targetHints":{"allow":["GET"]}}],"collection":[{"href":"https:\/\/decarb.uniag.sk\/en\/wp-json\/wp\/v2\/pages"}],"about":[{"href":"https:\/\/decarb.uniag.sk\/en\/wp-json\/wp\/v2\/types\/page"}],"author":[{"embeddable":true,"href":"https:\/\/decarb.uniag.sk\/en\/wp-json\/wp\/v2\/users\/1"}],"replies":[{"embeddable":true,"href":"https:\/\/decarb.uniag.sk\/en\/wp-json\/wp\/v2\/comments?post=846"}],"version-history":[{"count":4,"href":"https:\/\/decarb.uniag.sk\/en\/wp-json\/wp\/v2\/pages\/846\/revisions"}],"predecessor-version":[{"id":1303,"href":"https:\/\/decarb.uniag.sk\/en\/wp-json\/wp\/v2\/pages\/846\/revisions\/1303"}],"wp:featuredmedia":[{"embeddable":true,"href":"https:\/\/decarb.uniag.sk\/en\/wp-json\/wp\/v2\/media\/508"}],"wp:attachment":[{"href":"https:\/\/decarb.uniag.sk\/en\/wp-json\/wp\/v2\/media?parent=846"}],"curies":[{"name":"wp","href":"https:\/\/api.w.org\/{rel}","templated":true}]}}